{"id":5478,"date":"2023-09-12T09:22:35","date_gmt":"2023-09-12T09:22:35","guid":{"rendered":"https:\/\/langueonze.com\/presupuesto-para-los-cursos-de-frances-2023\/"},"modified":"2023-09-25T08:14:03","modified_gmt":"2023-09-25T08:14:03","slug":"presupuesto-para-los-cursos-de-frances-2023","status":"publish","type":"page","link":"https:\/\/langueonze.com\/es\/presupuesto-para-los-cursos-de-frances-2023\/","title":{"rendered":"Presupuesto para los cursos de franc\u00e9s 2023"},"content":{"rendered":"\t\t<div data-elementor-type=\"wp-page\" data-elementor-id=\"5478\" class=\"elementor elementor-5478 elementor-5454\" data-elementor-post-type=\"page\">\n\t\t\t\t\t\t<section class=\"elementor-section elementor-top-section elementor-element elementor-element-c4d5fee elementor-section-full_width elementor-section-height-default elementor-section-height-default\" data-id=\"c4d5fee\" data-element_type=\"section\" data-e-type=\"section\">\n\t\t\t\t\t\t<div class=\"elementor-container elementor-column-gap-no\">\n\t\t\t\t\t<div class=\"elementor-column elementor-col-100 elementor-top-column elementor-element elementor-element-420adec\" data-id=\"420adec\" data-element_type=\"column\" data-e-type=\"column\">\n\t\t\t<div class=\"elementor-widget-wrap elementor-element-populated\">\n\t\t\t\t\t\t<div class=\"elementor-element elementor-element-58d4ea7 elementor--h-position-center elementor--v-position-middle elementor-arrows-position-inside elementor-pagination-position-inside elementor-widget elementor-widget-slides\" data-id=\"58d4ea7\" data-element_type=\"widget\" data-e-type=\"widget\" data-settings=\"{&quot;navigation&quot;:&quot;both&quot;,&quot;autoplay&quot;:&quot;yes&quot;,&quot;pause_on_hover&quot;:&quot;yes&quot;,&quot;pause_on_interaction&quot;:&quot;yes&quot;,&quot;autoplay_speed&quot;:5000,&quot;infinite&quot;:&quot;yes&quot;,&quot;transition&quot;:&quot;slide&quot;,&quot;transition_speed&quot;:500}\" data-widget_type=\"slides.default\">\n\t\t\t\t<div class=\"elementor-widget-container\">\n\t\t\t\t\t\t\t\t\t<div class=\"elementor-swiper\">\n\t\t\t\t\t<div class=\"elementor-slides-wrapper elementor-main-swiper swiper\" role=\"region\" aria-roledescription=\"carousel\" aria-label=\"Diapositivas\" dir=\"ltr\" data-animation=\"fadeInUp\">\n\t\t\t\t<div class=\"swiper-wrapper elementor-slides\">\n\t\t\t\t\t\t\t\t\t\t<div class=\"elementor-repeater-item-bca3e44 swiper-slide\" role=\"group\" aria-roledescription=\"slide\"><div class=\"swiper-slide-bg elementor-ken-burns elementor-ken-burns--in\" role=\"img\" aria-label=\"2General Courses\"><\/div><div class=\"elementor-background-overlay\"><\/div><div class=\"swiper-slide-inner\" ><div class=\"swiper-slide-contents\"><div class=\"elementor-slide-heading\"><h1> Obtenga un presupuesto a medida para nuestra escuela de franc\u00e9s en Toulouse en 2023<h1><\/div><div class=\"elementor-slide-description\"><p>Obtenga un presupuesto a medida para planificar su estancia, sus cursos de franc\u00e9s y su alojamiento en nuestra escuela de franc\u00e9s en Toulouse.<\/p>\n<\/div><\/div><\/div><\/div>\t\t\t\t<\/div>\n\t\t\t\t\t\t\t<\/div>\n\t\t\t\t<\/div>\n\t\t\t\t\t\t\t\t<\/div>\n\t\t\t\t<\/div>\n\t\t\t\t\t<\/div>\n\t\t<\/div>\n\t\t\t\t\t<\/div>\n\t\t<\/section>\n\t\t\t\t<section class=\"elementor-section elementor-top-section elementor-element elementor-element-be50342 elementor-section-boxed elementor-section-height-default elementor-section-height-default\" data-id=\"be50342\" data-element_type=\"section\" data-e-type=\"section\">\n\t\t\t\t\t\t<div class=\"elementor-container elementor-column-gap-default\">\n\t\t\t\t\t<div class=\"elementor-column elementor-col-100 elementor-top-column elementor-element elementor-element-e58557f\" data-id=\"e58557f\" data-element_type=\"column\" data-e-type=\"column\">\n\t\t\t<div class=\"elementor-widget-wrap elementor-element-populated\">\n\t\t\t\t\t\t<div class=\"elementor-element elementor-element-b5cd1bd elementor-widget elementor-widget-spacer\" data-id=\"b5cd1bd\" data-element_type=\"widget\" data-e-type=\"widget\" data-widget_type=\"spacer.default\">\n\t\t\t\t<div class=\"elementor-widget-container\">\n\t\t\t\t\t\t\t<div class=\"elementor-spacer\">\n\t\t\t<div class=\"elementor-spacer-inner\"><\/div>\n\t\t<\/div>\n\t\t\t\t\t\t<\/div>\n\t\t\t\t<\/div>\n\t\t\t\t\t<\/div>\n\t\t<\/div>\n\t\t\t\t\t<\/div>\n\t\t<\/section>\n\t\t\t\t<section class=\"elementor-section elementor-top-section elementor-element elementor-element-04829ee elementor-section-boxed elementor-section-height-default elementor-section-height-default\" data-id=\"04829ee\" data-element_type=\"section\" data-e-type=\"section\">\n\t\t\t\t\t\t<div class=\"elementor-container elementor-column-gap-default\">\n\t\t\t\t\t<div class=\"elementor-column elementor-col-100 elementor-top-column elementor-element elementor-element-16f01fe\" data-id=\"16f01fe\" data-element_type=\"column\" data-e-type=\"column\">\n\t\t\t<div class=\"elementor-widget-wrap elementor-element-populated\">\n\t\t\t\t\t\t<div class=\"elementor-element elementor-element-f020127 elementor-widget elementor-widget-shortcode\" data-id=\"f020127\" data-element_type=\"widget\" data-e-type=\"widget\" data-widget_type=\"shortcode.default\">\n\t\t\t\t<div class=\"elementor-widget-container\">\n\t\t\t\t\t\t\t<div class=\"elementor-shortcode\"><noscript>Please enable JavaScript to continue with this form.<\/noscript>\n<fidelo-widget><\/fidelo-widget>\n<script src=\"https:\/\/proxy.fidelo.com\/app\/widget\/1.0\/lsf\/js\/widget.js?c=BD4ZJNSAKXBUBPC7&l=es\"><\/script>\n<\/div>\n\t\t\t\t\t\t<\/div>\n\t\t\t\t<\/div>\n\t\t\t\t\t<\/div>\n\t\t<\/div>\n\t\t\t\t\t<\/div>\n\t\t<\/section>\n\t\t\t\t<section class=\"elementor-section elementor-top-section elementor-element elementor-element-89ea712 elementor-section-full_width elementor-section-height-default elementor-section-height-default\" data-id=\"89ea712\" data-element_type=\"section\" data-e-type=\"section\" data-settings=\"{&quot;background_background&quot;:&quot;classic&quot;}\">\n\t\t\t\t\t\t<div class=\"elementor-container elementor-column-gap-no\">\n\t\t\t\t\t<div class=\"elementor-column elementor-col-100 elementor-top-column elementor-element elementor-element-6892a32a\" data-id=\"6892a32a\" data-element_type=\"column\" data-e-type=\"column\">\n\t\t\t<div class=\"elementor-widget-wrap elementor-element-populated\">\n\t\t\t\t\t\t<div class=\"elementor-element elementor-element-edfe388 elementor-widget elementor-widget-spacer\" data-id=\"edfe388\" data-element_type=\"widget\" data-e-type=\"widget\" data-widget_type=\"spacer.default\">\n\t\t\t\t<div class=\"elementor-widget-container\">\n\t\t\t\t\t\t\t<div class=\"elementor-spacer\">\n\t\t\t<div class=\"elementor-spacer-inner\"><\/div>\n\t\t<\/div>\n\t\t\t\t\t\t<\/div>\n\t\t\t\t<\/div>\n\t\t\t\t<div class=\"elementor-element elementor-element-373f184b elementor-widget elementor-widget-google_maps\" data-id=\"373f184b\" data-element_type=\"widget\" data-e-type=\"widget\" data-widget_type=\"google_maps.default\">\n\t\t\t\t<div class=\"elementor-widget-container\">\n\t\t\t\t\t\t\t<div class=\"elementor-custom-embed\">\n\t\t\t<iframe loading=\"lazy\"\n\t\t\t\t\tsrc=\"https:\/\/maps.google.com\/maps?q=10%2C%20rue%20des%20Arts%20F-31000%20Toulouse&#038;t=m&#038;z=18&#038;output=embed&#038;iwloc=near\"\n\t\t\t\t\ttitle=\"10, rue des Arts F-31000 Toulouse\"\n\t\t\t\t\taria-label=\"10, rue des Arts F-31000 Toulouse\"\n\t\t\t><\/iframe>\n\t\t<\/div>\n\t\t\t\t\t\t<\/div>\n\t\t\t\t<\/div>\n\t\t\t\t<section class=\"elementor-section elementor-inner-section elementor-element elementor-element-3d261d1d elementor-section-content-middle elementor-section-boxed elementor-section-height-default elementor-section-height-default\" data-id=\"3d261d1d\" data-element_type=\"section\" data-e-type=\"section\">\n\t\t\t\t\t\t<div class=\"elementor-container elementor-column-gap-no\">\n\t\t\t\t\t<div class=\"elementor-column elementor-col-33 elementor-inner-column elementor-element elementor-element-5d6ceb76\" data-id=\"5d6ceb76\" data-element_type=\"column\" data-e-type=\"column\">\n\t\t\t<div class=\"elementor-widget-wrap elementor-element-populated\">\n\t\t\t\t\t\t<div class=\"elementor-element elementor-element-355661b8 elementor-widget elementor-widget-heading\" data-id=\"355661b8\" data-element_type=\"widget\" data-e-type=\"widget\" data-widget_type=\"heading.default\">\n\t\t\t\t<div class=\"elementor-widget-container\">\n\t\t\t\t\t<h6 class=\"elementor-heading-title elementor-size-default\">Ubicaci\u00f3n<\/h6>\t\t\t\t<\/div>\n\t\t\t\t<\/div>\n\t\t\t\t<div class=\"elementor-element elementor-element-3e97346 elementor-widget elementor-widget-text-editor\" data-id=\"3e97346\" data-element_type=\"widget\" data-e-type=\"widget\" data-widget_type=\"text-editor.default\">\n\t\t\t\t<div class=\"elementor-widget-container\">\n\t\t\t\t\t\t\t\t\t<p><strong>10, rue des Arts<\/strong><br class=\"autobr\"><strong>F-31000 Toulouse<\/strong><\/p>\n\t\t\t\t\t\t\t\t<\/div>\n\t\t\t\t<\/div>\n\t\t\t\t\t<\/div>\n\t\t<\/div>\n\t\t\t\t<div class=\"elementor-column elementor-col-33 elementor-inner-column elementor-element elementor-element-792b2dcb\" data-id=\"792b2dcb\" data-element_type=\"column\" data-e-type=\"column\">\n\t\t\t<div class=\"elementor-widget-wrap elementor-element-populated\">\n\t\t\t\t\t\t<div class=\"elementor-element elementor-element-1b1a1e41 elementor-widget elementor-widget-heading\" data-id=\"1b1a1e41\" data-element_type=\"widget\" data-e-type=\"widget\" data-widget_type=\"heading.default\">\n\t\t\t\t<div class=\"elementor-widget-container\">\n\t\t\t\t\t<h6 class=\"elementor-heading-title elementor-size-default\">Los horarios<\/h6>\t\t\t\t<\/div>\n\t\t\t\t<\/div>\n\t\t\t\t<div class=\"elementor-element elementor-element-76b64fcc elementor-widget elementor-widget-text-editor\" data-id=\"76b64fcc\" data-element_type=\"widget\" data-e-type=\"widget\" data-widget_type=\"text-editor.default\">\n\t\t\t\t<div class=\"elementor-widget-container\">\n\t\t\t\t\t\t\t\t\t<p>Lunes, martes, mi\u00e9rcoles y viernes de 9h a 17h &#8211; Jueves de 9h a 18h30<\/p>\n\t\t\t\t\t\t\t\t<\/div>\n\t\t\t\t<\/div>\n\t\t\t\t\t<\/div>\n\t\t<\/div>\n\t\t\t\t<div class=\"elementor-column elementor-col-33 elementor-inner-column elementor-element elementor-element-b783e66\" data-id=\"b783e66\" data-element_type=\"column\" data-e-type=\"column\">\n\t\t\t<div class=\"elementor-widget-wrap elementor-element-populated\">\n\t\t\t\t\t\t<div class=\"elementor-element elementor-element-6f61d7e0 elementor-widget elementor-widget-heading\" data-id=\"6f61d7e0\" data-element_type=\"widget\" data-e-type=\"widget\" data-widget_type=\"heading.default\">\n\t\t\t\t<div class=\"elementor-widget-container\">\n\t\t\t\t\t<h6 class=\"elementor-heading-title elementor-size-default\">P\u00f3ngase en contacto con nosotros<\/h6>\t\t\t\t<\/div>\n\t\t\t\t<\/div>\n\t\t\t\t<div class=\"elementor-element elementor-element-6a5597f4 elementor-widget elementor-widget-text-editor\" data-id=\"6a5597f4\" data-element_type=\"widget\" data-e-type=\"widget\" data-widget_type=\"text-editor.default\">\n\t\t\t\t<div class=\"elementor-widget-container\">\n\t\t\t\t\t\t\t\t\t<p>Tel\u00e9fono :+33 (0)5 61 62 54 58<br \/>Email: info@langueonze.com<\/p>\n\t\t\t\t\t\t\t\t<\/div>\n\t\t\t\t<\/div>\n\t\t\t\t\t<\/div>\n\t\t<\/div>\n\t\t\t\t\t<\/div>\n\t\t<\/section>\n\t\t\t\t<div class=\"elementor-element elementor-element-4734c35b elementor-shape-rounded elementor-grid-0 e-grid-align-center elementor-widget elementor-widget-social-icons\" data-id=\"4734c35b\" data-element_type=\"widget\" data-e-type=\"widget\" data-widget_type=\"social-icons.default\">\n\t\t\t\t<div class=\"elementor-widget-container\">\n\t\t\t\t\t\t\t<div class=\"elementor-social-icons-wrapper elementor-grid\" role=\"list\">\n\t\t\t\t\t\t\t<span class=\"elementor-grid-item\" role=\"listitem\">\n\t\t\t\t\t<a class=\"elementor-icon elementor-social-icon elementor-social-icon-facebook-f elementor-animation-grow elementor-repeater-item-9c86cde\" target=\"_blank\">\n\t\t\t\t\t\t<span class=\"elementor-screen-only\">Facebook-f<\/span>\n\t\t\t\t\t\t<i aria-hidden=\"true\" class=\"fab fa-facebook-f\"><\/i>\t\t\t\t\t<\/a>\n\t\t\t\t<\/span>\n\t\t\t\t\t\t\t<span class=\"elementor-grid-item\" role=\"listitem\">\n\t\t\t\t\t<a class=\"elementor-icon elementor-social-icon elementor-social-icon-twitter elementor-animation-grow elementor-repeater-item-7f0e5c7\" href=\"https:\/\/twitter.com\/intent\/tweet?url=https:\/\/www.langueonze.com\" target=\"_blank\">\n\t\t\t\t\t\t<span class=\"elementor-screen-only\">Twitter<\/span>\n\t\t\t\t\t\t<i aria-hidden=\"true\" class=\"fab fa-twitter\"><\/i>\t\t\t\t\t<\/a>\n\t\t\t\t<\/span>\n\t\t\t\t\t\t\t<span class=\"elementor-grid-item\" role=\"listitem\">\n\t\t\t\t\t<a class=\"elementor-icon elementor-social-icon elementor-social-icon-instagram elementor-animation-grow elementor-repeater-item-d9a9500\" href=\"https:\/\/www.instagram.com\/langue_onze\/\" target=\"_blank\">\n\t\t\t\t\t\t<span class=\"elementor-screen-only\">Instagram<\/span>\n\t\t\t\t\t\t<i aria-hidden=\"true\" class=\"fab fa-instagram\"><\/i>\t\t\t\t\t<\/a>\n\t\t\t\t<\/span>\n\t\t\t\t\t\t\t<span class=\"elementor-grid-item\" role=\"listitem\">\n\t\t\t\t\t<a class=\"elementor-icon elementor-social-icon elementor-social-icon-youtube elementor-animation-grow elementor-repeater-item-75dde21\" href=\"https:\/\/www.youtube.com\/channel\/UC_b-cISkjD8Rnb-q5T25I9g\" target=\"_blank\">\n\t\t\t\t\t\t<span class=\"elementor-screen-only\">Youtube<\/span>\n\t\t\t\t\t\t<i aria-hidden=\"true\" class=\"fab fa-youtube\"><\/i>\t\t\t\t\t<\/a>\n\t\t\t\t<\/span>\n\t\t\t\t\t\t\t<span class=\"elementor-grid-item\" role=\"listitem\">\n\t\t\t\t\t<a class=\"elementor-icon elementor-social-icon elementor-social-icon-linkedin elementor-animation-grow elementor-repeater-item-ab90783\" href=\"https:\/\/www.linkedin.com\/school\/langue-onze\/\" target=\"_blank\">\n\t\t\t\t\t\t<span class=\"elementor-screen-only\">Linkedin<\/span>\n\t\t\t\t\t\t<i aria-hidden=\"true\" class=\"fab fa-linkedin\"><\/i>\t\t\t\t\t<\/a>\n\t\t\t\t<\/span>\n\t\t\t\t\t<\/div>\n\t\t\t\t\t\t<\/div>\n\t\t\t\t<\/div>\n\t\t\t\t\t<\/div>\n\t\t<\/div>\n\t\t\t\t\t<\/div>\n\t\t<\/section>\n\t\t\t\t<\/div>\n\t\t","protected":false},"excerpt":{"rendered":"<p>Obtenga un presupuesto a medida para nuestra escuela de franc\u00e9s en Toulouse en 2023 Obtenga un presupuesto a medida para planificar su estancia, sus cursos de franc\u00e9s y su alojamiento en nuestra escuela de franc\u00e9s en Toulouse. Please enable JavaScript to continue with this form. Ubicaci\u00f3n 10, rue des ArtsF-31000 Toulouse Los horarios Lunes, martes, [&hellip;]<\/p>\n","protected":false},"author":1,"featured_media":0,"parent":0,"menu_order":0,"comment_status":"closed","ping_status":"closed","template":"elementor_header_footer","meta":{"content-type":"","footnotes":""},"folder":[],"class_list":["post-5478","page","type-page","status-publish","hentry"],"yoast_head":"<!-- This site is optimized with the Yoast SEO plugin v27.5 - https:\/\/yoast.com\/product\/yoast-seo-wordpress\/ -->\n<title>Presupuesto para los cursos de franc\u00e9s 2023 - Langue Onze Toulouse<\/title>\n<meta name=\"description\" content=\"Obtenga un presupuesto a medida para planificar su estancia, sus cursos de franc\u00e9s y su alojamiento en nuestra escuela de franc\u00e9s en Toulouse.\" \/>\n<meta name=\"robots\" content=\"index, follow, max-snippet:-1, max-image-preview:large, max-video-preview:-1\" \/>\n<link rel=\"canonical\" href=\"https:\/\/langueonze.com\/es\/presupuesto-para-los-cursos-de-frances-2023\/\" \/>\n<meta property=\"og:locale\" content=\"es_ES\" \/>\n<meta property=\"og:type\" content=\"article\" \/>\n<meta property=\"og:title\" content=\"Presupuesto para los cursos de franc\u00e9s 2023 - Langue Onze Toulouse\" \/>\n<meta property=\"og:description\" content=\"Obtenga un presupuesto a medida para planificar su estancia, sus cursos de franc\u00e9s y su alojamiento en nuestra escuela de franc\u00e9s en Toulouse.\" \/>\n<meta property=\"og:url\" content=\"https:\/\/langueonze.com\/es\/presupuesto-para-los-cursos-de-frances-2023\/\" \/>\n<meta property=\"og:site_name\" content=\"Langue Onze Toulouse\" \/>\n<meta property=\"article:modified_time\" content=\"2023-09-25T08:14:03+00:00\" \/>\n<meta name=\"twitter:card\" content=\"summary_large_image\" \/>\n<meta name=\"twitter:label1\" content=\"Tiempo de lectura\" \/>\n\t<meta name=\"twitter:data1\" content=\"1 minuto\" \/>\n<script type=\"application\/ld+json\" class=\"yoast-schema-graph\">{\"@context\":\"https:\\\/\\\/schema.org\",\"@graph\":[{\"@type\":\"WebPage\",\"@id\":\"https:\\\/\\\/langueonze.com\\\/es\\\/presupuesto-para-los-cursos-de-frances-2023\\\/\",\"url\":\"https:\\\/\\\/langueonze.com\\\/es\\\/presupuesto-para-los-cursos-de-frances-2023\\\/\",\"name\":\"Presupuesto para los cursos de franc\u00e9s 2023 - Langue Onze Toulouse\",\"isPartOf\":{\"@id\":\"https:\\\/\\\/langueonze.com\\\/es\\\/#website\"},\"datePublished\":\"2023-09-12T09:22:35+00:00\",\"dateModified\":\"2023-09-25T08:14:03+00:00\",\"description\":\"Obtenga un presupuesto a medida para planificar su estancia, sus cursos de franc\u00e9s y su alojamiento en nuestra escuela de franc\u00e9s en Toulouse.\",\"breadcrumb\":{\"@id\":\"https:\\\/\\\/langueonze.com\\\/es\\\/presupuesto-para-los-cursos-de-frances-2023\\\/#breadcrumb\"},\"inLanguage\":\"es\",\"potentialAction\":[{\"@type\":\"ReadAction\",\"target\":[\"https:\\\/\\\/langueonze.com\\\/es\\\/presupuesto-para-los-cursos-de-frances-2023\\\/\"]}]},{\"@type\":\"BreadcrumbList\",\"@id\":\"https:\\\/\\\/langueonze.com\\\/es\\\/presupuesto-para-los-cursos-de-frances-2023\\\/#breadcrumb\",\"itemListElement\":[{\"@type\":\"ListItem\",\"position\":1,\"name\":\"Home\",\"item\":\"https:\\\/\\\/langueonze.com\\\/es\\\/langue-onze-toulouse\\\/\"},{\"@type\":\"ListItem\",\"position\":2,\"name\":\"Presupuesto para los cursos de franc\u00e9s 2023\"}]},{\"@type\":\"WebSite\",\"@id\":\"https:\\\/\\\/langueonze.com\\\/es\\\/#website\",\"url\":\"https:\\\/\\\/langueonze.com\\\/es\\\/\",\"name\":\"Langue Onze Toulouse\",\"description\":\"\",\"publisher\":{\"@id\":\"https:\\\/\\\/langueonze.com\\\/es\\\/#organization\"},\"potentialAction\":[{\"@type\":\"SearchAction\",\"target\":{\"@type\":\"EntryPoint\",\"urlTemplate\":\"https:\\\/\\\/langueonze.com\\\/es\\\/?s={search_term_string}\"},\"query-input\":{\"@type\":\"PropertyValueSpecification\",\"valueRequired\":true,\"valueName\":\"search_term_string\"}}],\"inLanguage\":\"es\"},{\"@type\":\"Organization\",\"@id\":\"https:\\\/\\\/langueonze.com\\\/es\\\/#organization\",\"name\":\"Langue Onze Toulouse\",\"url\":\"https:\\\/\\\/langueonze.com\\\/es\\\/\",\"logo\":{\"@type\":\"ImageObject\",\"inLanguage\":\"es\",\"@id\":\"https:\\\/\\\/langueonze.com\\\/es\\\/#\\\/schema\\\/logo\\\/image\\\/\",\"url\":\"https:\\\/\\\/langueonze.com\\\/wp-content\\\/uploads\\\/2023\\\/03\\\/cropped-Langue-Onze-Logo.jpg\",\"contentUrl\":\"https:\\\/\\\/langueonze.com\\\/wp-content\\\/uploads\\\/2023\\\/03\\\/cropped-Langue-Onze-Logo.jpg\",\"width\":400,\"height\":114,\"caption\":\"Langue Onze Toulouse\"},\"image\":{\"@id\":\"https:\\\/\\\/langueonze.com\\\/es\\\/#\\\/schema\\\/logo\\\/image\\\/\"}}]}<\/script>\n<!-- \/ Yoast SEO plugin. -->","yoast_head_json":{"title":"Presupuesto para los cursos de franc\u00e9s 2023 - Langue Onze Toulouse","description":"Obtenga un presupuesto a medida para planificar su estancia, sus cursos de franc\u00e9s y su alojamiento en nuestra escuela de franc\u00e9s en Toulouse.","robots":{"index":"index","follow":"follow","max-snippet":"max-snippet:-1","max-image-preview":"max-image-preview:large","max-video-preview":"max-video-preview:-1"},"canonical":"https:\/\/langueonze.com\/es\/presupuesto-para-los-cursos-de-frances-2023\/","og_locale":"es_ES","og_type":"article","og_title":"Presupuesto para los cursos de franc\u00e9s 2023 - Langue Onze Toulouse","og_description":"Obtenga un presupuesto a medida para planificar su estancia, sus cursos de franc\u00e9s y su alojamiento en nuestra escuela de franc\u00e9s en Toulouse.","og_url":"https:\/\/langueonze.com\/es\/presupuesto-para-los-cursos-de-frances-2023\/","og_site_name":"Langue Onze Toulouse","article_modified_time":"2023-09-25T08:14:03+00:00","twitter_card":"summary_large_image","twitter_misc":{"Tiempo de lectura":"1 minuto"},"schema":{"@context":"https:\/\/schema.org","@graph":[{"@type":"WebPage","@id":"https:\/\/langueonze.com\/es\/presupuesto-para-los-cursos-de-frances-2023\/","url":"https:\/\/langueonze.com\/es\/presupuesto-para-los-cursos-de-frances-2023\/","name":"Presupuesto para los cursos de franc\u00e9s 2023 - Langue Onze Toulouse","isPartOf":{"@id":"https:\/\/langueonze.com\/es\/#website"},"datePublished":"2023-09-12T09:22:35+00:00","dateModified":"2023-09-25T08:14:03+00:00","description":"Obtenga un presupuesto a medida para planificar su estancia, sus cursos de franc\u00e9s y su alojamiento en nuestra escuela de franc\u00e9s en Toulouse.","breadcrumb":{"@id":"https:\/\/langueonze.com\/es\/presupuesto-para-los-cursos-de-frances-2023\/#breadcrumb"},"inLanguage":"es","potentialAction":[{"@type":"ReadAction","target":["https:\/\/langueonze.com\/es\/presupuesto-para-los-cursos-de-frances-2023\/"]}]},{"@type":"BreadcrumbList","@id":"https:\/\/langueonze.com\/es\/presupuesto-para-los-cursos-de-frances-2023\/#breadcrumb","itemListElement":[{"@type":"ListItem","position":1,"name":"Home","item":"https:\/\/langueonze.com\/es\/langue-onze-toulouse\/"},{"@type":"ListItem","position":2,"name":"Presupuesto para los cursos de franc\u00e9s 2023"}]},{"@type":"WebSite","@id":"https:\/\/langueonze.com\/es\/#website","url":"https:\/\/langueonze.com\/es\/","name":"Langue Onze Toulouse","description":"","publisher":{"@id":"https:\/\/langueonze.com\/es\/#organization"},"potentialAction":[{"@type":"SearchAction","target":{"@type":"EntryPoint","urlTemplate":"https:\/\/langueonze.com\/es\/?s={search_term_string}"},"query-input":{"@type":"PropertyValueSpecification","valueRequired":true,"valueName":"search_term_string"}}],"inLanguage":"es"},{"@type":"Organization","@id":"https:\/\/langueonze.com\/es\/#organization","name":"Langue Onze Toulouse","url":"https:\/\/langueonze.com\/es\/","logo":{"@type":"ImageObject","inLanguage":"es","@id":"https:\/\/langueonze.com\/es\/#\/schema\/logo\/image\/","url":"https:\/\/langueonze.com\/wp-content\/uploads\/2023\/03\/cropped-Langue-Onze-Logo.jpg","contentUrl":"https:\/\/langueonze.com\/wp-content\/uploads\/2023\/03\/cropped-Langue-Onze-Logo.jpg","width":400,"height":114,"caption":"Langue Onze Toulouse"},"image":{"@id":"https:\/\/langueonze.com\/es\/#\/schema\/logo\/image\/"}}]}},"_links":{"self":[{"href":"https:\/\/langueonze.com\/es\/wp-json\/wp\/v2\/pages\/5478","targetHints":{"allow":["GET"]}}],"collection":[{"href":"https:\/\/langueonze.com\/es\/wp-json\/wp\/v2\/pages"}],"about":[{"href":"https:\/\/langueonze.com\/es\/wp-json\/wp\/v2\/types\/page"}],"author":[{"embeddable":true,"href":"https:\/\/langueonze.com\/es\/wp-json\/wp\/v2\/users\/1"}],"replies":[{"embeddable":true,"href":"https:\/\/langueonze.com\/es\/wp-json\/wp\/v2\/comments?post=5478"}],"version-history":[{"count":10,"href":"https:\/\/langueonze.com\/es\/wp-json\/wp\/v2\/pages\/5478\/revisions"}],"predecessor-version":[{"id":5781,"href":"https:\/\/langueonze.com\/es\/wp-json\/wp\/v2\/pages\/5478\/revisions\/5781"}],"wp:attachment":[{"href":"https:\/\/langueonze.com\/es\/wp-json\/wp\/v2\/media?parent=5478"}],"wp:term":[{"taxonomy":"folder","embeddable":true,"href":"https:\/\/langueonze.com\/es\/wp-json\/wp\/v2\/folder?post=5478"}],"curies":[{"name":"wp","href":"https:\/\/api.w.org\/{rel}","templated":true}]}}