{"id":3992,"date":"2023-07-14T16:28:06","date_gmt":"2023-07-14T16:28:06","guid":{"rendered":"https:\/\/langueonze.com\/aviso-legal\/"},"modified":"2023-08-12T15:43:48","modified_gmt":"2023-08-12T15:43:48","slug":"aviso-legal","status":"publish","type":"page","link":"https:\/\/langueonze.com\/es\/aviso-legal\/","title":{"rendered":"Aviso legal"},"content":{"rendered":"\t\t<div data-elementor-type=\"wp-page\" data-elementor-id=\"3992\" class=\"elementor elementor-3992 elementor-2894\" data-elementor-post-type=\"page\">\n\t\t\t\t\t\t<section class=\"elementor-section elementor-top-section elementor-element elementor-element-2670593 elementor-section-boxed elementor-section-height-default elementor-section-height-default\" data-id=\"2670593\" data-element_type=\"section\" data-e-type=\"section\">\n\t\t\t\t\t\t<div class=\"elementor-container elementor-column-gap-default\">\n\t\t\t\t\t<div class=\"elementor-column elementor-col-100 elementor-top-column elementor-element elementor-element-0998c97\" data-id=\"0998c97\" data-element_type=\"column\" data-e-type=\"column\">\n\t\t\t<div class=\"elementor-widget-wrap elementor-element-populated\">\n\t\t\t\t\t\t<div class=\"elementor-element elementor-element-de9dc4e elementor-widget elementor-widget-heading\" data-id=\"de9dc4e\" data-element_type=\"widget\" data-e-type=\"widget\" data-widget_type=\"heading.default\">\n\t\t\t\t<div class=\"elementor-widget-container\">\n\t\t\t\t\t<h2 class=\"elementor-heading-title elementor-size-default\">AVISO LEGAL<\/h2>\t\t\t\t<\/div>\n\t\t\t\t<\/div>\n\t\t\t\t\t<\/div>\n\t\t<\/div>\n\t\t\t\t\t<\/div>\n\t\t<\/section>\n\t\t\t\t<section class=\"elementor-section elementor-top-section elementor-element elementor-element-6a987c6 elementor-section-boxed elementor-section-height-default elementor-section-height-default\" data-id=\"6a987c6\" data-element_type=\"section\" data-e-type=\"section\">\n\t\t\t\t\t\t<div class=\"elementor-container elementor-column-gap-default\">\n\t\t\t\t\t<div class=\"elementor-column elementor-col-100 elementor-top-column elementor-element elementor-element-6bebe3b\" data-id=\"6bebe3b\" data-element_type=\"column\" data-e-type=\"column\">\n\t\t\t<div class=\"elementor-widget-wrap elementor-element-populated\">\n\t\t\t\t\t\t<div class=\"elementor-element elementor-element-6ff63d2 elementor-widget elementor-widget-text-editor\" data-id=\"6ff63d2\" data-element_type=\"widget\" data-e-type=\"widget\" data-widget_type=\"text-editor.default\">\n\t\t\t\t<div class=\"elementor-widget-container\">\n\t\t\t\t\t\t\t\t\t<p>Lea atentamente estas condiciones de uso de este sitio web antes de consultarlo. Al conectarse a este sitio, acepta sin reservas las presentes condiciones.<\/p>\n\t\t\t\t\t\t\t\t<\/div>\n\t\t\t\t<\/div>\n\t\t\t\t\t<\/div>\n\t\t<\/div>\n\t\t\t\t\t<\/div>\n\t\t<\/section>\n\t\t\t\t<section class=\"elementor-section elementor-top-section elementor-element elementor-element-a2883ba elementor-section-boxed elementor-section-height-default elementor-section-height-default\" data-id=\"a2883ba\" data-element_type=\"section\" data-e-type=\"section\">\n\t\t\t\t\t\t<div class=\"elementor-container elementor-column-gap-default\">\n\t\t\t\t\t<div class=\"elementor-column elementor-col-100 elementor-top-column elementor-element elementor-element-f430ba4\" data-id=\"f430ba4\" data-element_type=\"column\" data-e-type=\"column\">\n\t\t\t<div class=\"elementor-widget-wrap elementor-element-populated\">\n\t\t\t\t\t\t<div class=\"elementor-element elementor-element-61af918 elementor-widget elementor-widget-text-editor\" data-id=\"61af918\" data-element_type=\"widget\" data-e-type=\"widget\" data-widget_type=\"text-editor.default\">\n\t\t\t\t<div class=\"elementor-widget-container\">\n\t\t\t\t\t\t\t\t\t<p><b>Editor del sitio :<\/b><\/p>\n<p><a href=\"http:\/\/langueonze.com\"><b>Langue Onze<\/b><\/a><br \/>10, rue des Arts<br class=\"autobr\">31000 Toulouse<\/p>\n<p><strong>Dise\u00f1o :<\/strong> <strong><a href=\"https:\/\/agencenatlys.com\/\">Agence Natlys<\/a><\/strong>&#8211; Orianna Gotthard &#8211; Alexandre Destrebecq<\/p>\n<p><strong>Realizaci\u00f3n : <a href=\"https:\/\/agencenatlys.com\/\">Agence Natlys<\/a> &#8211;<\/strong>Orianna Gotthard &#8211; Alexandre Destrebecq<\/p>\n<p><strong>Alojamiento :<\/strong> <a href=\"https:\/\/kinsta.com\/fr\/\">Kinsta.com<\/a><\/p>\n<p><strong>Derechos de autor y de reproducci\u00f3n :<\/strong><\/p>\n<p>El nombre de dominio \u00bb langueonze.com\u00bb est\u00e1 reservado a Langue Onze.<br \/>Adem\u00e1s, el conjunto del sitio y cada uno de sus elementos considerados por separado est\u00e1n sujetos a la legislaci\u00f3n francesa e internacional sobre derechos de autor y, m\u00e1s ampliamente, sobre propiedad intelectual (incluida, en particular, la protecci\u00f3n en virtud del derecho de autor, el derecho de marcas y el derecho de bases de datos).<br \/>Quedan reservados todos los derechos de reproducci\u00f3n, representaci\u00f3n y comunicaci\u00f3n p\u00fablica, incluidos los documentos descargables y las representaciones visuales, audiovisuales y fotogr\u00e1ficas, iconos, logotipos y otros elementos.<\/p>\n<p>La reproducci\u00f3n total o parcial de este sitio en cualquier soporte electr\u00f3nico sin la autorizaci\u00f3n expresa del director de la publicaci\u00f3n est\u00e1 estrictamente prohibida y constituye una infracci\u00f3n sancionada por los art\u00edculos L335-2 y siguientes del C\u00f3digo de la propiedad Intelectual.<br \/>Lo mismo se aplica a las bases de datos que aparecen en el sitio web, que est\u00e1n protegidas por las disposiciones de la ley n\u00ba 98-536 de 1 de julio de 1998 y el r\u00e9gimen franc\u00e9s de derechos de autor.<\/p>\n<p><strong>Cr\u00e9ditos de las fotos : <\/strong>Unspalsh, Pexels, Freepik, Pixabay, Langue Onze<\/p>\n<p><strong>Contacte con nosotros :<\/strong> Langue Onze est\u00e1 a su disposici\u00f3n para cualquier comentario o sugerencia. Puede escribirnos en franc\u00e9s por correo electr\u00f3nico a: info@langueonze.com<\/p>\n\t\t\t\t\t\t\t\t<\/div>\n\t\t\t\t<\/div>\n\t\t\t\t\t<\/div>\n\t\t<\/div>\n\t\t\t\t\t<\/div>\n\t\t<\/section>\n\t\t\t\t<\/div>\n\t\t","protected":false},"excerpt":{"rendered":"<p>AVISO LEGAL Lea atentamente estas condiciones de uso de este sitio web antes de consultarlo. Al conectarse a este sitio, acepta sin reservas las presentes condiciones. Editor del sitio : Langue Onze10, rue des Arts31000 Toulouse Dise\u00f1o : Agence Natlys&#8211; Orianna Gotthard &#8211; Alexandre Destrebecq Realizaci\u00f3n : Agence Natlys &#8211;Orianna Gotthard &#8211; Alexandre Destrebecq Alojamiento [&hellip;]<\/p>\n","protected":false},"author":1,"featured_media":0,"parent":0,"menu_order":0,"comment_status":"closed","ping_status":"closed","template":"","meta":{"content-type":"","footnotes":""},"folder":[],"class_list":["post-3992","page","type-page","status-publish","hentry"],"yoast_head":"<!-- This site is optimized with the Yoast SEO plugin v27.4 - https:\/\/yoast.com\/product\/yoast-seo-wordpress\/ -->\n<title>Aviso legal - Langue Onze Toulouse<\/title>\n<meta name=\"description\" content=\"Aviso legal sobre nuestra escuela de franc\u00e9s en Toulouse\" \/>\n<meta name=\"robots\" content=\"index, follow, max-snippet:-1, max-image-preview:large, max-video-preview:-1\" \/>\n<link rel=\"canonical\" href=\"https:\/\/langueonze.com\/es\/aviso-legal\/\" \/>\n<meta property=\"og:locale\" content=\"es_ES\" \/>\n<meta property=\"og:type\" content=\"article\" \/>\n<meta property=\"og:title\" content=\"Aviso legal - Langue Onze Toulouse\" \/>\n<meta property=\"og:description\" content=\"Aviso legal sobre nuestra escuela de franc\u00e9s en Toulouse\" \/>\n<meta property=\"og:url\" content=\"https:\/\/langueonze.com\/es\/aviso-legal\/\" \/>\n<meta property=\"og:site_name\" content=\"Langue Onze Toulouse\" \/>\n<meta property=\"article:modified_time\" content=\"2023-08-12T15:43:48+00:00\" \/>\n<meta name=\"twitter:card\" content=\"summary_large_image\" \/>\n<meta name=\"twitter:label1\" content=\"Tiempo de lectura\" \/>\n\t<meta name=\"twitter:data1\" content=\"1 minuto\" \/>\n<script type=\"application\/ld+json\" class=\"yoast-schema-graph\">{\"@context\":\"https:\\\/\\\/schema.org\",\"@graph\":[{\"@type\":\"WebPage\",\"@id\":\"https:\\\/\\\/langueonze.com\\\/es\\\/aviso-legal\\\/\",\"url\":\"https:\\\/\\\/langueonze.com\\\/es\\\/aviso-legal\\\/\",\"name\":\"Aviso legal - Langue Onze Toulouse\",\"isPartOf\":{\"@id\":\"https:\\\/\\\/langueonze.com\\\/es\\\/#website\"},\"datePublished\":\"2023-07-14T16:28:06+00:00\",\"dateModified\":\"2023-08-12T15:43:48+00:00\",\"description\":\"Aviso legal sobre nuestra escuela de franc\u00e9s en Toulouse\",\"breadcrumb\":{\"@id\":\"https:\\\/\\\/langueonze.com\\\/es\\\/aviso-legal\\\/#breadcrumb\"},\"inLanguage\":\"es\",\"potentialAction\":[{\"@type\":\"ReadAction\",\"target\":[\"https:\\\/\\\/langueonze.com\\\/es\\\/aviso-legal\\\/\"]}]},{\"@type\":\"BreadcrumbList\",\"@id\":\"https:\\\/\\\/langueonze.com\\\/es\\\/aviso-legal\\\/#breadcrumb\",\"itemListElement\":[{\"@type\":\"ListItem\",\"position\":1,\"name\":\"Home\",\"item\":\"https:\\\/\\\/langueonze.com\\\/es\\\/langue-onze-toulouse\\\/\"},{\"@type\":\"ListItem\",\"position\":2,\"name\":\"Aviso legal\"}]},{\"@type\":\"WebSite\",\"@id\":\"https:\\\/\\\/langueonze.com\\\/es\\\/#website\",\"url\":\"https:\\\/\\\/langueonze.com\\\/es\\\/\",\"name\":\"Langue Onze Toulouse\",\"description\":\"\",\"publisher\":{\"@id\":\"https:\\\/\\\/langueonze.com\\\/es\\\/#organization\"},\"potentialAction\":[{\"@type\":\"SearchAction\",\"target\":{\"@type\":\"EntryPoint\",\"urlTemplate\":\"https:\\\/\\\/langueonze.com\\\/es\\\/?s={search_term_string}\"},\"query-input\":{\"@type\":\"PropertyValueSpecification\",\"valueRequired\":true,\"valueName\":\"search_term_string\"}}],\"inLanguage\":\"es\"},{\"@type\":\"Organization\",\"@id\":\"https:\\\/\\\/langueonze.com\\\/es\\\/#organization\",\"name\":\"Langue Onze Toulouse\",\"url\":\"https:\\\/\\\/langueonze.com\\\/es\\\/\",\"logo\":{\"@type\":\"ImageObject\",\"inLanguage\":\"es\",\"@id\":\"https:\\\/\\\/langueonze.com\\\/es\\\/#\\\/schema\\\/logo\\\/image\\\/\",\"url\":\"https:\\\/\\\/langueonze.com\\\/wp-content\\\/uploads\\\/2023\\\/03\\\/cropped-Langue-Onze-Logo.jpg\",\"contentUrl\":\"https:\\\/\\\/langueonze.com\\\/wp-content\\\/uploads\\\/2023\\\/03\\\/cropped-Langue-Onze-Logo.jpg\",\"width\":400,\"height\":114,\"caption\":\"Langue Onze Toulouse\"},\"image\":{\"@id\":\"https:\\\/\\\/langueonze.com\\\/es\\\/#\\\/schema\\\/logo\\\/image\\\/\"}}]}<\/script>\n<!-- \/ Yoast SEO plugin. -->","yoast_head_json":{"title":"Aviso legal - Langue Onze Toulouse","description":"Aviso legal sobre nuestra escuela de franc\u00e9s en Toulouse","robots":{"index":"index","follow":"follow","max-snippet":"max-snippet:-1","max-image-preview":"max-image-preview:large","max-video-preview":"max-video-preview:-1"},"canonical":"https:\/\/langueonze.com\/es\/aviso-legal\/","og_locale":"es_ES","og_type":"article","og_title":"Aviso legal - Langue Onze Toulouse","og_description":"Aviso legal sobre nuestra escuela de franc\u00e9s en Toulouse","og_url":"https:\/\/langueonze.com\/es\/aviso-legal\/","og_site_name":"Langue Onze Toulouse","article_modified_time":"2023-08-12T15:43:48+00:00","twitter_card":"summary_large_image","twitter_misc":{"Tiempo de lectura":"1 minuto"},"schema":{"@context":"https:\/\/schema.org","@graph":[{"@type":"WebPage","@id":"https:\/\/langueonze.com\/es\/aviso-legal\/","url":"https:\/\/langueonze.com\/es\/aviso-legal\/","name":"Aviso legal - Langue Onze Toulouse","isPartOf":{"@id":"https:\/\/langueonze.com\/es\/#website"},"datePublished":"2023-07-14T16:28:06+00:00","dateModified":"2023-08-12T15:43:48+00:00","description":"Aviso legal sobre nuestra escuela de franc\u00e9s en Toulouse","breadcrumb":{"@id":"https:\/\/langueonze.com\/es\/aviso-legal\/#breadcrumb"},"inLanguage":"es","potentialAction":[{"@type":"ReadAction","target":["https:\/\/langueonze.com\/es\/aviso-legal\/"]}]},{"@type":"BreadcrumbList","@id":"https:\/\/langueonze.com\/es\/aviso-legal\/#breadcrumb","itemListElement":[{"@type":"ListItem","position":1,"name":"Home","item":"https:\/\/langueonze.com\/es\/langue-onze-toulouse\/"},{"@type":"ListItem","position":2,"name":"Aviso legal"}]},{"@type":"WebSite","@id":"https:\/\/langueonze.com\/es\/#website","url":"https:\/\/langueonze.com\/es\/","name":"Langue Onze Toulouse","description":"","publisher":{"@id":"https:\/\/langueonze.com\/es\/#organization"},"potentialAction":[{"@type":"SearchAction","target":{"@type":"EntryPoint","urlTemplate":"https:\/\/langueonze.com\/es\/?s={search_term_string}"},"query-input":{"@type":"PropertyValueSpecification","valueRequired":true,"valueName":"search_term_string"}}],"inLanguage":"es"},{"@type":"Organization","@id":"https:\/\/langueonze.com\/es\/#organization","name":"Langue Onze Toulouse","url":"https:\/\/langueonze.com\/es\/","logo":{"@type":"ImageObject","inLanguage":"es","@id":"https:\/\/langueonze.com\/es\/#\/schema\/logo\/image\/","url":"https:\/\/langueonze.com\/wp-content\/uploads\/2023\/03\/cropped-Langue-Onze-Logo.jpg","contentUrl":"https:\/\/langueonze.com\/wp-content\/uploads\/2023\/03\/cropped-Langue-Onze-Logo.jpg","width":400,"height":114,"caption":"Langue Onze Toulouse"},"image":{"@id":"https:\/\/langueonze.com\/es\/#\/schema\/logo\/image\/"}}]}},"_links":{"self":[{"href":"https:\/\/langueonze.com\/es\/wp-json\/wp\/v2\/pages\/3992","targetHints":{"allow":["GET"]}}],"collection":[{"href":"https:\/\/langueonze.com\/es\/wp-json\/wp\/v2\/pages"}],"about":[{"href":"https:\/\/langueonze.com\/es\/wp-json\/wp\/v2\/types\/page"}],"author":[{"embeddable":true,"href":"https:\/\/langueonze.com\/es\/wp-json\/wp\/v2\/users\/1"}],"replies":[{"embeddable":true,"href":"https:\/\/langueonze.com\/es\/wp-json\/wp\/v2\/comments?post=3992"}],"version-history":[{"count":3,"href":"https:\/\/langueonze.com\/es\/wp-json\/wp\/v2\/pages\/3992\/revisions"}],"predecessor-version":[{"id":3995,"href":"https:\/\/langueonze.com\/es\/wp-json\/wp\/v2\/pages\/3992\/revisions\/3995"}],"wp:attachment":[{"href":"https:\/\/langueonze.com\/es\/wp-json\/wp\/v2\/media?parent=3992"}],"wp:term":[{"taxonomy":"folder","embeddable":true,"href":"https:\/\/langueonze.com\/es\/wp-json\/wp\/v2\/folder?post=3992"}],"curies":[{"name":"wp","href":"https:\/\/api.w.org\/{rel}","templated":true}]}}